{"id":2,"date":"2010-11-02T09:47:23","date_gmt":"2010-11-02T09:47:23","guid":{"rendered":"http:\/\/www.leanyfalu-zarszerviz.hu\/?page_id=2"},"modified":"2010-11-02T10:29:47","modified_gmt":"2010-11-02T10:29:47","slug":"nevjegy","status":"publish","type":"page","link":"https:\/\/leanyfalu-zarszerviz.hu\/?page_id=2","title":{"rendered":"Szolg\u00e1ltat\u00e1saink"},"content":{"rendered":"<h1>LAKOSS\u00c1GI \u00c9S \u00dcZLETI SZOLG\u00c1LTAT\u00c1SAINK<\/h1>\n<ul>\n<li>Ajt\u00f3nyit\u00e1s<\/li>\n<li>Z\u00e1rcsere \u00e9jjel-nappal<\/li>\n<li>Z\u00e1rbet\u00e9tek \u00e1tk\u00f3dol\u00e1sa<\/li>\n<li>Egyforma cilinderek k\u00e9sz\u00edt\u00e9se<\/li>\n<li>Bet\u00f6r\u00e9s ut\u00e1ni ajt\u00f3k helyre\u00e1llat\u00e1sa<\/li>\n<li>Heveder z\u00e1rak gy\u00e1rt\u00e1sa \u00e9s szerel\u00e9se<\/li>\n<li>K\u00fcl\u00f6nb\u00f6z\u0151 t\u00edpus\u00fa z\u00e1rak ut\u00e1ni kulcsk\u00e9sz\u00edt\u00e9s<\/li>\n<li>F\u0151- \u00e9s vez\u00e9rkulcsos rendszerek tervez\u00e9se \u00e9s k\u00e9sz\u00edt\u00e9se irodah\u00e1zaknak is.<\/li>\n<\/ul>\n<h2>ELEKTRONIKUS SZOLG\u00c1LTAT\u00c1SOK<\/h2>\n<ul>\n<li>Elektronikus \u00e9s Mechanikus bel\u00e9ptet\u0151 rendszerek szervizel\u00e9se \u00e9s karbantart\u00e1sa<\/li>\n<li>Riaszt\u00f3rendszerek telep\u00edt\u00e9se \u00e9s szervizel\u00e9se<\/li>\n<li>Kaputelefonok telep\u00edt\u00e9se \u00e9s szervizel\u00e9se<\/li>\n<li>Kapuk automatiz\u00e1l\u00e1sa<\/li>\n<\/ul>\n<h2>AJT\u00d3K-R\u00c1CSOK<\/h2>\n<ul>\n<li>Biztons\u00e1gi ajt\u00f3k m\u00e9retre gy\u00e1rt\u00e1sa \u00e9s szerel\u00e9se<\/li>\n<li>R\u00e1csozott vasajt\u00f3k ,ablakr\u00e1csok, folyos\u00f3 elv\u00e1laszt\u00e1sok, bej\u00e1rati port\u00e1lok gy\u00e1rt\u00e1sa k\u00e9sz\u00edt\u00e9se<\/li>\n<li>Vasszerkezeti munk\u00e1k k\u00e9sz\u00edt\u00e9se, szerel\u00e9se<\/li>\n<\/ul>\n<h2>AUT\u00d3 Z\u00c1RSZERVIZ<\/h2>\n<ul>\n<li>Aut\u00f3 Nyit\u00e1s roncsol\u00e1s mentesen<\/li>\n<li>Aut\u00f3 z\u00e1rszerviz, z\u00e1rcsere<\/li>\n<li>Kulcsk\u00e9sz\u00edt\u00e9s \u00e9s M\u00e1sol\u00e1s \/CHIPES  is\/<\/li>\n<\/ul>\n","protected":false},"excerpt":{"rendered":"<p>LAKOSS\u00c1GI \u00c9S \u00dcZLETI SZOLG\u00c1LTAT\u00c1SAINK Ajt\u00f3nyit\u00e1s Z\u00e1rcsere \u00e9jjel-nappal Z\u00e1rbet\u00e9tek \u00e1tk\u00f3dol\u00e1sa Egyforma cilinderek k\u00e9sz\u00edt\u00e9se Bet\u00f6r\u00e9s ut\u00e1ni ajt\u00f3k helyre\u00e1llat\u00e1sa Heveder z\u00e1rak gy\u00e1rt\u00e1sa \u00e9s szerel\u00e9se K\u00fcl\u00f6nb\u00f6z\u0151 t\u00edpus\u00fa z\u00e1rak ut\u00e1ni kulcsk\u00e9sz\u00edt\u00e9s F\u0151- \u00e9s vez\u00e9rkulcsos rendszerek tervez\u00e9se \u00e9s k\u00e9sz\u00edt\u00e9se irodah\u00e1zaknak is. ELEKTRONIKUS SZOLG\u00c1LTAT\u00c1SOK Elektronikus \u00e9s Mechanikus bel\u00e9ptet\u0151 rendszerek szervizel\u00e9se \u00e9s karbantart\u00e1sa Riaszt\u00f3rendszerek telep\u00edt\u00e9se \u00e9s szervizel\u00e9se Kaputelefonok telep\u00edt\u00e9se \u00e9s szervizel\u00e9se Kapuk automatiz\u00e1l\u00e1sa [&hellip;]<\/p>\n","protected":false},"author":1,"featured_media":0,"parent":0,"menu_order":0,"comment_status":"closed","ping_status":"closed","template":"","meta":[],"_links":{"self":[{"href":"https:\/\/leanyfalu-zarszerviz.hu\/index.php?rest_route=\/wp\/v2\/pages\/2"}],"collection":[{"href":"https:\/\/leanyfalu-zarszerviz.hu\/index.php?rest_route=\/wp\/v2\/pages"}],"about":[{"href":"https:\/\/leanyfalu-zarszerviz.hu\/index.php?rest_route=\/wp\/v2\/types\/page"}],"author":[{"embeddable":true,"href":"https:\/\/leanyfalu-zarszerviz.hu\/index.php?rest_route=\/wp\/v2\/users\/1"}],"replies":[{"embeddable":true,"href":"https:\/\/leanyfalu-zarszerviz.hu\/index.php?rest_route=%2Fwp%2Fv2%2Fcomments&post=2"}],"version-history":[{"count":2,"href":"https:\/\/leanyfalu-zarszerviz.hu\/index.php?rest_route=\/wp\/v2\/pages\/2\/revisions"}],"predecessor-version":[{"id":7,"href":"https:\/\/leanyfalu-zarszerviz.hu\/index.php?rest_route=\/wp\/v2\/pages\/2\/revisions\/7"}],"wp:attachment":[{"href":"https:\/\/leanyfalu-zarszerviz.hu\/index.php?rest_route=%2Fwp%2Fv2%2Fmedia&parent=2"}],"curies":[{"name":"wp","href":"https:\/\/api.w.org\/{rel}","templated":true}]}}